{"id":846,"date":"2020-07-28T19:35:18","date_gmt":"2020-07-28T19:35:18","guid":{"rendered":"http:\/\/gifhorn-hilft.de\/?page_id=846"},"modified":"2022-07-09T13:35:07","modified_gmt":"2022-07-09T13:35:07","slug":"individuelle-hilfe","status":"publish","type":"page","link":"http:\/\/gifhorn-hilft.de\/?page_id=846","title":{"rendered":"Individuelle Hilfe"},"content":{"rendered":"\n<p><strong>Aktuell findet unser Angebot montagnachmittags von 14.00 &#8211; 16.00 Uhr nur nach vorheriger Absprache statt.<\/strong> Hilfe kann auch  telefonisch oder digital geleistet werden. Gerne kann ein pers\u00f6nlicher Termin mit uns vereinbart werden.  <\/p>\n\n\n\n<p>Mitteilungen oder Formulare von Beh\u00f6rden, der Stadt, dem Jobcenter, der Schule, von \u00c4rzten, &#8230; oder die unterschiedlichsten Vertr\u00e4ge sind selbst f\u00fcr uns oft schwer verst\u00e4ndlich. Vielfach sind Fristen einzuhalten. Wir erkl\u00e4ren das jeweilige Schriftst\u00fcck, erl\u00e4utern die Bedeutung und Auswirkung und helfen mit Formulierungen bei einer notwendigen Beantwortung bzw. beim Ausf\u00fcllen des Formulars. Wir telefonieren ggf. mit dem Absender und kl\u00e4ren den Sachverhalt und erforderliche weitere Schritte.<\/p>\n\n\n\n<p>Wo erforderlich, begleiten wir unsere G\u00e4ste individuell zu Terminen. Auch bei der Wohnungssuche sind wir behilflich und stellen den Kontakt zu Vermietern her. <\/p>\n\n\n\n<p> <\/p>\n","protected":false},"excerpt":{"rendered":"<p>Aktuell findet unser Angebot montagnachmittags von 14.00 &#8211; 16.00 Uhr nur nach vorheriger Absprache statt. Hilfe kann auch telefonisch oder digital geleistet werden. Gerne kann ein pers\u00f6nlicher Termin mit uns vereinbart werden. Mitteilungen oder Formulare von Beh\u00f6rden, der Stadt, dem Jobcenter, der Schule, von \u00c4rzten, &#8230; oder die unterschiedlichsten Vertr\u00e4ge sind selbst f\u00fcr uns oft &hellip; <\/p>\n<p class=\"link-more\"><a href=\"http:\/\/gifhorn-hilft.de\/?page_id=846\" class=\"more-link\"><span class=\"screen-reader-text\">\u201eIndividuelle Hilfe\u201c<\/span> weiterlesen<\/a><\/p>\n","protected":false},"author":1,"featured_media":0,"parent":0,"menu_order":0,"comment_status":"closed","ping_status":"closed","template":"","meta":{"footnotes":""},"class_list":["post-846","page","type-page","status-publish","hentry"],"_links":{"self":[{"href":"http:\/\/gifhorn-hilft.de\/index.php?rest_route=\/wp\/v2\/pages\/846","targetHints":{"allow":["GET"]}}],"collection":[{"href":"http:\/\/gifhorn-hilft.de\/index.php?rest_route=\/wp\/v2\/pages"}],"about":[{"href":"http:\/\/gifhorn-hilft.de\/index.php?rest_route=\/wp\/v2\/types\/page"}],"author":[{"embeddable":true,"href":"http:\/\/gifhorn-hilft.de\/index.php?rest_route=\/wp\/v2\/users\/1"}],"replies":[{"embeddable":true,"href":"http:\/\/gifhorn-hilft.de\/index.php?rest_route=%2Fwp%2Fv2%2Fcomments&post=846"}],"version-history":[{"count":12,"href":"http:\/\/gifhorn-hilft.de\/index.php?rest_route=\/wp\/v2\/pages\/846\/revisions"}],"predecessor-version":[{"id":1100,"href":"http:\/\/gifhorn-hilft.de\/index.php?rest_route=\/wp\/v2\/pages\/846\/revisions\/1100"}],"wp:attachment":[{"href":"http:\/\/gifhorn-hilft.de\/index.php?rest_route=%2Fwp%2Fv2%2Fmedia&parent=846"}],"curies":[{"name":"wp","href":"https:\/\/api.w.org\/{rel}","templated":true}]}}