{"id":844,"date":"2020-07-28T19:35:18","date_gmt":"2020-07-28T19:35:18","guid":{"rendered":"http:\/\/gifhorn-hilft.de\/?page_id=844"},"modified":"2023-01-19T11:34:09","modified_gmt":"2023-01-19T11:34:09","slug":"formularhilfe","status":"publish","type":"page","link":"http:\/\/gifhorn-hilft.de\/?page_id=844","title":{"rendered":"Formularhilfe"},"content":{"rendered":"\n<p><strong>Aktuell findet unser Beratungsangebot montagsnachmittags von 14.00 &#8211; 16.00 Uhr nur nach vorheriger Absprache statt.  <\/strong> <\/p>\n\n\n\n<p>Einige Personen unseres Teams sind ausgebildete Formularhelfer und helfen beim Ausf\u00fcllen von Formularen und Antr\u00e4gen. Vielfach empfinden wir Formulare und unser &#8222;Beh\u00f6rdendeutsch&#8220;  als schwer verst\u00e4ndlich. F\u00fcr Menschen, die die deutsche Sprache noch lernen, ist es um so schwerer. Wir helfen bei der vollst\u00e4ndigen und korrekten Bearbeitung von Formularen und Antr\u00e4gen und sensibilisieren bei der Einhaltung von Fristen f\u00fcr Antworten bzw. Antragsstellungen.<\/p>\n\n\n\n<p>Wir helfen auch bei der Kommunikation mit Beh\u00f6rden, \u00c4rzten, Schulen, Dienstleistern, sowie beim Verstehen von Miet- oder Handyvertr\u00e4gen oder anderen Kaufvertr\u00e4gen. Wir kl\u00e4ren ggf. den Sachverhalt, erl\u00e4utern die Dringlichkeit und holen uns Rat bei dem jeweiligen Absender. <\/p>\n","protected":false},"excerpt":{"rendered":"<p>Aktuell findet unser Beratungsangebot montagsnachmittags von 14.00 &#8211; 16.00 Uhr nur nach vorheriger Absprache statt. Einige Personen unseres Teams sind ausgebildete Formularhelfer und helfen beim Ausf\u00fcllen von Formularen und Antr\u00e4gen. Vielfach empfinden wir Formulare und unser &#8222;Beh\u00f6rdendeutsch&#8220; als schwer verst\u00e4ndlich. F\u00fcr Menschen, die die deutsche Sprache noch lernen, ist es um so schwerer. Wir helfen &hellip; <\/p>\n<p class=\"link-more\"><a href=\"http:\/\/gifhorn-hilft.de\/?page_id=844\" class=\"more-link\"><span class=\"screen-reader-text\">\u201eFormularhilfe\u201c<\/span> weiterlesen<\/a><\/p>\n","protected":false},"author":1,"featured_media":0,"parent":0,"menu_order":0,"comment_status":"closed","ping_status":"closed","template":"","meta":{"footnotes":""},"class_list":["post-844","page","type-page","status-publish","hentry"],"_links":{"self":[{"href":"http:\/\/gifhorn-hilft.de\/index.php?rest_route=\/wp\/v2\/pages\/844","targetHints":{"allow":["GET"]}}],"collection":[{"href":"http:\/\/gifhorn-hilft.de\/index.php?rest_route=\/wp\/v2\/pages"}],"about":[{"href":"http:\/\/gifhorn-hilft.de\/index.php?rest_route=\/wp\/v2\/types\/page"}],"author":[{"embeddable":true,"href":"http:\/\/gifhorn-hilft.de\/index.php?rest_route=\/wp\/v2\/users\/1"}],"replies":[{"embeddable":true,"href":"http:\/\/gifhorn-hilft.de\/index.php?rest_route=%2Fwp%2Fv2%2Fcomments&post=844"}],"version-history":[{"count":13,"href":"http:\/\/gifhorn-hilft.de\/index.php?rest_route=\/wp\/v2\/pages\/844\/revisions"}],"predecessor-version":[{"id":1162,"href":"http:\/\/gifhorn-hilft.de\/index.php?rest_route=\/wp\/v2\/pages\/844\/revisions\/1162"}],"wp:attachment":[{"href":"http:\/\/gifhorn-hilft.de\/index.php?rest_route=%2Fwp%2Fv2%2Fmedia&parent=844"}],"curies":[{"name":"wp","href":"https:\/\/api.w.org\/{rel}","templated":true}]}}