{"id":63,"date":"2019-01-30T20:43:12","date_gmt":"2019-01-30T20:43:12","guid":{"rendered":"http:\/\/gifhorn-hilft.de\/?page_id=63"},"modified":"2026-03-18T09:18:41","modified_gmt":"2026-03-18T09:18:41","slug":"wer-wir-sind","status":"publish","type":"page","link":"http:\/\/gifhorn-hilft.de\/","title":{"rendered":"Wer wir sind"},"content":{"rendered":"\n<p>Gifhorn hilft e. V.  ist eine Gruppe von ehrenamtlichen Helfern, die mit B\u00fcrgerinnen und B\u00fcrgern ins Gespr\u00e4ch kommen und bei vielen allt\u00e4glichen Problemen helfen will.<\/p>\n\n\n\n<p><strong>Der Vorstand<\/strong><\/p>\n\n\n\n<ul class=\"wp-block-list\">\n<li>1. Vorsitzender      Manfred Torkler<\/li>\n\n\n\n<li>2. Vorsitzender      Frank Schober <\/li>\n\n\n\n<li>Kassenwartin         Astrid Biermann<\/li>\n\n\n\n<li>Schriftf\u00fchrerin       Dr. Elga Eberhardt<\/li>\n\n\n\n<li>Beisitzer                    Hans Vogelsang<\/li>\n\n\n\n<li>Beisitzer                    Geetee Zaeefi<\/li>\n\n\n\n<li>Beisitzer                    Harald R\u00f6semann<\/li>\n<\/ul>\n\n\n\n<p><\/p>\n\n\n\nInternet:<p>www.gifhorn-hilft.de<\/p>\n\nemail: info@gifhorn-hilft.de\n\n\n\n<h2 class=\"wp-block-heading\"><br><\/h2>\n","protected":false},"excerpt":{"rendered":"<p>Gifhorn hilft e. V. ist eine Gruppe von ehrenamtlichen Helfern, die mit B\u00fcrgerinnen und B\u00fcrgern ins Gespr\u00e4ch kommen und bei vielen allt\u00e4glichen Problemen helfen will. Der Vorstand Internet: www.gifhorn-hilft.de email: info@gifhorn-hilft.de<\/p>\n","protected":false},"author":1,"featured_media":0,"parent":0,"menu_order":0,"comment_status":"closed","ping_status":"closed","template":"","meta":{"footnotes":""},"class_list":["post-63","page","type-page","status-publish","hentry"],"_links":{"self":[{"href":"http:\/\/gifhorn-hilft.de\/index.php?rest_route=\/wp\/v2\/pages\/63","targetHints":{"allow":["GET"]}}],"collection":[{"href":"http:\/\/gifhorn-hilft.de\/index.php?rest_route=\/wp\/v2\/pages"}],"about":[{"href":"http:\/\/gifhorn-hilft.de\/index.php?rest_route=\/wp\/v2\/types\/page"}],"author":[{"embeddable":true,"href":"http:\/\/gifhorn-hilft.de\/index.php?rest_route=\/wp\/v2\/users\/1"}],"replies":[{"embeddable":true,"href":"http:\/\/gifhorn-hilft.de\/index.php?rest_route=%2Fwp%2Fv2%2Fcomments&post=63"}],"version-history":[{"count":13,"href":"http:\/\/gifhorn-hilft.de\/index.php?rest_route=\/wp\/v2\/pages\/63\/revisions"}],"predecessor-version":[{"id":1216,"href":"http:\/\/gifhorn-hilft.de\/index.php?rest_route=\/wp\/v2\/pages\/63\/revisions\/1216"}],"wp:attachment":[{"href":"http:\/\/gifhorn-hilft.de\/index.php?rest_route=%2Fwp%2Fv2%2Fmedia&parent=63"}],"curies":[{"name":"wp","href":"https:\/\/api.w.org\/{rel}","templated":true}]}}