{"id":241,"date":"2019-01-31T15:09:19","date_gmt":"2019-01-31T15:09:19","guid":{"rendered":"http:\/\/gifhorn-hilft.de\/?page_id=241"},"modified":"2026-03-23T13:45:48","modified_gmt":"2026-03-23T13:45:48","slug":"aktivitaeten","status":"publish","type":"page","link":"http:\/\/gifhorn-hilft.de\/?page_id=241","title":{"rendered":"Fotogalerie"},"content":{"rendered":"\n<p>Spezielle Aktivit\u00e4ten f\u00f6rdern die Gemeinschaft und st\u00e4rken den Zusammenhalt.  Hier einige Bilder dazu:<\/p>\n\n\n\n<figure class=\"wp-block-image\"><img loading=\"lazy\" decoding=\"async\" width=\"742\" height=\"1024\" src=\"http:\/\/gifhorn-hilft.de\/wp-content\/uploads\/2019\/01\/foto4-1-742x1024.jpg\" alt=\"\" class=\"wp-image-153\" srcset=\"http:\/\/gifhorn-hilft.de\/wp-content\/uploads\/2019\/01\/foto4-1-742x1024.jpg 742w, http:\/\/gifhorn-hilft.de\/wp-content\/uploads\/2019\/01\/foto4-1-217x300.jpg 217w, http:\/\/gifhorn-hilft.de\/wp-content\/uploads\/2019\/01\/foto4-1-768x1060.jpg 768w, http:\/\/gifhorn-hilft.de\/wp-content\/uploads\/2019\/01\/foto4-1.jpg 960w\" sizes=\"auto, (max-width: 706px) 89vw, (max-width: 767px) 82vw, 740px\" \/><figcaption class=\"wp-element-caption\">Selbstverteidigungskurs unter der Leitung von Basem, Kampftrainer aus Syrien<\/figcaption><\/figure>\n\n\n\n<figure class=\"wp-block-image is-resized\"><img loading=\"lazy\" decoding=\"async\" width=\"319\" height=\"364\" src=\"http:\/\/gifhorn-hilft.de\/wp-content\/uploads\/2019\/01\/foto1.jpg\" alt=\"\" class=\"wp-image-74\" style=\"width:612px;height:698px\" srcset=\"http:\/\/gifhorn-hilft.de\/wp-content\/uploads\/2019\/01\/foto1.jpg 319w, http:\/\/gifhorn-hilft.de\/wp-content\/uploads\/2019\/01\/foto1-263x300.jpg 263w\" sizes=\"auto, (max-width: 319px) 100vw, 319px\" \/><\/figure>\n\n\n\n<figure class=\"wp-block-image\"><img loading=\"lazy\" decoding=\"async\" width=\"687\" height=\"1024\" src=\"http:\/\/gifhorn-hilft.de\/wp-content\/uploads\/2019\/01\/foto2-687x1024.jpg\" alt=\"\" class=\"wp-image-75\" srcset=\"http:\/\/gifhorn-hilft.de\/wp-content\/uploads\/2019\/01\/foto2-687x1024.jpg 687w, http:\/\/gifhorn-hilft.de\/wp-content\/uploads\/2019\/01\/foto2-201x300.jpg 201w, http:\/\/gifhorn-hilft.de\/wp-content\/uploads\/2019\/01\/foto2-768x1145.jpg 768w, http:\/\/gifhorn-hilft.de\/wp-content\/uploads\/2019\/01\/foto2.jpg 960w\" sizes=\"auto, (max-width: 687px) 100vw, 687px\" \/><figcaption class=\"wp-element-caption\">Fahrradwerkstatt im Clausmoorhof und Fahrradkurs, der mit Hilfe der Polizei Gifhorn durchgef\u00fchrt wurde<\/figcaption><\/figure>\n\n\n\n<p><\/p>\n\n\n\n<figure class=\"wp-block-image size-full\"><img loading=\"lazy\" decoding=\"async\" width=\"905\" height=\"578\" src=\"http:\/\/gifhorn-hilft.de\/wp-content\/uploads\/2026\/03\/009-1.jpg\" alt=\"\" class=\"wp-image-1254\" srcset=\"http:\/\/gifhorn-hilft.de\/wp-content\/uploads\/2026\/03\/009-1.jpg 905w, http:\/\/gifhorn-hilft.de\/wp-content\/uploads\/2026\/03\/009-1-300x192.jpg 300w, http:\/\/gifhorn-hilft.de\/wp-content\/uploads\/2026\/03\/009-1-768x491.jpg 768w\" sizes=\"auto, (max-width: 767px) 89vw, (max-width: 1000px) 54vw, (max-width: 1071px) 543px, 580px\" \/><\/figure>\n\n\n\n<p>Unser Team &#8222;Multi Kulti Gifhorn hilft&#8220; ist jedes Jahr bei der Drachenbootregatta auf dem Tankumsee dabei.<\/p>\n\n\n\n<figure class=\"wp-block-video\"><video height=\"480\" style=\"aspect-ratio: 848 \/ 480;\" width=\"848\" controls src=\"http:\/\/gifhorn-hilft.de\/wp-content\/uploads\/2026\/03\/007.mp4\"><\/video><\/figure>\n","protected":false},"excerpt":{"rendered":"<p>Spezielle Aktivit\u00e4ten f\u00f6rdern die Gemeinschaft und st\u00e4rken den Zusammenhalt. Hier einige Bilder dazu: Unser Team &#8222;Multi Kulti Gifhorn hilft&#8220; ist jedes Jahr bei der Drachenbootregatta auf dem Tankumsee dabei.<\/p>\n","protected":false},"author":1,"featured_media":0,"parent":0,"menu_order":0,"comment_status":"closed","ping_status":"closed","template":"","meta":{"footnotes":""},"class_list":["post-241","page","type-page","status-publish","hentry"],"_links":{"self":[{"href":"http:\/\/gifhorn-hilft.de\/index.php?rest_route=\/wp\/v2\/pages\/241","targetHints":{"allow":["GET"]}}],"collection":[{"href":"http:\/\/gifhorn-hilft.de\/index.php?rest_route=\/wp\/v2\/pages"}],"about":[{"href":"http:\/\/gifhorn-hilft.de\/index.php?rest_route=\/wp\/v2\/types\/page"}],"author":[{"embeddable":true,"href":"http:\/\/gifhorn-hilft.de\/index.php?rest_route=\/wp\/v2\/users\/1"}],"replies":[{"embeddable":true,"href":"http:\/\/gifhorn-hilft.de\/index.php?rest_route=%2Fwp%2Fv2%2Fcomments&post=241"}],"version-history":[{"count":33,"href":"http:\/\/gifhorn-hilft.de\/index.php?rest_route=\/wp\/v2\/pages\/241\/revisions"}],"predecessor-version":[{"id":1256,"href":"http:\/\/gifhorn-hilft.de\/index.php?rest_route=\/wp\/v2\/pages\/241\/revisions\/1256"}],"wp:attachment":[{"href":"http:\/\/gifhorn-hilft.de\/index.php?rest_route=%2Fwp%2Fv2%2Fmedia&parent=241"}],"curies":[{"name":"wp","href":"https:\/\/api.w.org\/{rel}","templated":true}]}}