{"id":1157,"date":"2023-01-19T11:20:14","date_gmt":"2023-01-19T11:20:14","guid":{"rendered":"http:\/\/gifhorn-hilft.de\/?page_id=1157"},"modified":"2023-02-03T11:50:45","modified_gmt":"2023-02-03T11:50:45","slug":"fahrradwerkstatt","status":"publish","type":"page","link":"http:\/\/gifhorn-hilft.de\/?page_id=1157","title":{"rendered":"Fahrradwerkstatt"},"content":{"rendered":"\n<p>In der Fahrradwerkstatt des Kinderschutzbundes werden unter fachkundiger Anleitung Fahrr\u00e4der repariert und verkehrssicher gemacht. In enger Kooperation mit dem Kinderschutzbund unterst\u00fctzen wir den Betrieb der Werkstatt personell.  <\/p>\n\n\n\n<p>Die Fahrradwerkstatt \u00f6ffnet nach den Osterferien und schlie\u00dft vor den Herbstferien.  <\/p>\n\n\n\n<p>Ge\u00f6ffnet ist jeweils donnerstags in der Zeit von 15.00 &#8211; 17.00 Uhr.  Wer eine Reparatur an seinem Fahrrad ben\u00f6tigt, kann gerne vorbeikommen  und unter Anleitung sein Fahrrad reparieren.  Werkzeug und viele Ersatzteile sind vorhanden.  Standardersatzteile k\u00f6nnen bei uns gekauft werden, Spezialteile m\u00fcssen im Fachhandel gekauft und mitgebracht werden.  <\/p>\n\n\n\n<p>Verkehrsregeln und die Vorschriften zur Fahrradsicherheit erkl\u00e4ren wir gerne.   <\/p>\n\n\n\n<p>Wir nehmen  Fahrradspenden entgegen. Auch alte und nicht mehr verkehrstaugliche R\u00e4der werden gebraucht.  Diese Fahrr\u00e4der  setzen wir instand und geben sie gegen einen kleinen Unkostenbeitrag an Interessierte weiter.  <\/p>\n","protected":false},"excerpt":{"rendered":"<p>In der Fahrradwerkstatt des Kinderschutzbundes werden unter fachkundiger Anleitung Fahrr\u00e4der repariert und verkehrssicher gemacht. In enger Kooperation mit dem Kinderschutzbund unterst\u00fctzen wir den Betrieb der Werkstatt personell. Die Fahrradwerkstatt \u00f6ffnet nach den Osterferien und schlie\u00dft vor den Herbstferien. Ge\u00f6ffnet ist jeweils donnerstags in der Zeit von 15.00 &#8211; 17.00 Uhr. Wer eine Reparatur an seinem &hellip; <\/p>\n<p class=\"link-more\"><a href=\"http:\/\/gifhorn-hilft.de\/?page_id=1157\" class=\"more-link\"><span class=\"screen-reader-text\">\u201eFahrradwerkstatt\u201c<\/span> weiterlesen<\/a><\/p>\n","protected":false},"author":1,"featured_media":0,"parent":0,"menu_order":0,"comment_status":"closed","ping_status":"closed","template":"","meta":{"footnotes":""},"class_list":["post-1157","page","type-page","status-publish","hentry"],"_links":{"self":[{"href":"http:\/\/gifhorn-hilft.de\/index.php?rest_route=\/wp\/v2\/pages\/1157","targetHints":{"allow":["GET"]}}],"collection":[{"href":"http:\/\/gifhorn-hilft.de\/index.php?rest_route=\/wp\/v2\/pages"}],"about":[{"href":"http:\/\/gifhorn-hilft.de\/index.php?rest_route=\/wp\/v2\/types\/page"}],"author":[{"embeddable":true,"href":"http:\/\/gifhorn-hilft.de\/index.php?rest_route=\/wp\/v2\/users\/1"}],"replies":[{"embeddable":true,"href":"http:\/\/gifhorn-hilft.de\/index.php?rest_route=%2Fwp%2Fv2%2Fcomments&post=1157"}],"version-history":[{"count":6,"href":"http:\/\/gifhorn-hilft.de\/index.php?rest_route=\/wp\/v2\/pages\/1157\/revisions"}],"predecessor-version":[{"id":1196,"href":"http:\/\/gifhorn-hilft.de\/index.php?rest_route=\/wp\/v2\/pages\/1157\/revisions\/1196"}],"wp:attachment":[{"href":"http:\/\/gifhorn-hilft.de\/index.php?rest_route=%2Fwp%2Fv2%2Fmedia&parent=1157"}],"curies":[{"name":"wp","href":"https:\/\/api.w.org\/{rel}","templated":true}]}}